{"id":142,"date":"2023-10-16T23:38:29","date_gmt":"2023-10-16T21:38:29","guid":{"rendered":"https:\/\/pzcachtice.sk\/?page_id=142"},"modified":"2023-10-17T18:50:59","modified_gmt":"2023-10-17T16:50:59","slug":"kynologia","status":"publish","type":"page","link":"https:\/\/pzcachtice.sk\/?page_id=142","title":{"rendered":"Kynol\u00f3gia"},"content":{"rendered":"\n<p>D\u00f4le\u017eitou skupinou v PZ \u010cachtice s\u00fa chovatelia a cvi\u010ditelia po\u013eovne upotrebite\u013en\u00fdch psov. Podmienkou pre v\u00fdkon pr\u00e1va po\u013eovn\u00edctva je predp\u00edsan\u00fd po\u010det a druhy po\u013eovne upotrebite\u013en\u00fdch psov, ktor\u00ed z\u00edskali certifik\u00e1t riadnymi sk\u00fa\u0161kami.<\/p>\n\n\n\n<p>Chovatelia ka\u017edoro\u010dne dost\u00e1vaj\u00fa z rozpo\u010dtu PZ finan\u010dn\u00fd pr\u00edspevok na chov a v\u00fdcvik psov.<\/p>\n\n\n\n<h3 class=\"wp-block-heading\">V PZ \u010cachtice s\u00fa k dispoz\u00edci\u00ed nasledovn\u00e9 psy:<\/h3>\n\n\n\n<figure class=\"wp-block-table is-style-stripes\"><table><tbody><tr><th>Meno po\u013eovn\u00e9ho psa<\/th><th>Plemeno po\u013eovn\u00e9ho psa<\/th><th>Identifika\u010dn\u00e9 \u010d\u00edslo psa<\/th><th>Sk\u00fa\u0161ky upotrebite\u013enosti\/ pou\u017eite\u013enos\u0165<\/th><th>Meno a priezvisko dr\u017eite\u013ea psa<\/th><th>Telef\u00f3nny kontakt na dr\u017eite\u013ea<\/th><\/tr><tr><td>Dubo<\/td><td>Jaz. Duri\u010d<\/td><td>3222<\/td><td>SD CSASD<\/td><td>Mih\u00e1lik B.<\/td><td>0910339854<\/td><\/tr><tr><td>Tiran<\/td><td>Fox. Terr.<\/td><td>2857<\/td><td>FSMP<\/td><td>\u010cejtej P.<\/td><td>0903169754<\/td><\/tr><tr><td>Aran<\/td><td>Jagterier<\/td><td>7521<\/td><td>BL<\/td><td>Olach M.<\/td><td>0908147378<\/td><\/tr><tr><td>Isma<\/td><td>Han. Farbiar<\/td><td>849<\/td><td>PF<\/td><td>Bumb\u00e1l M.<\/td><td>0902902438<\/td><\/tr><tr><td>Aramis<\/td><td>Slov. Kopov<\/td><td>15335<\/td><td>SD<\/td><td>Jamrich E.<\/td><td>0903224661<\/td><\/tr><tr><td>Arwen<\/td><td>\u0160tajer Duri\u010d<\/td><td>415\/1064<\/td><td>SD<\/td><td>Bumb\u00e1l P.<\/td><td>0903303903<\/td><\/tr><tr><td>Ullan<\/td><td>Slov. Kopov<\/td><td>15592<\/td><td>SD<\/td><td>Hanic M.<\/td><td>0907279094<\/td><\/tr><tr><td>Aqua<\/td><td>Fox. Terr.<\/td><td>2772<\/td><td>SD BL<\/td><td>Halienka I.<\/td><td>0918362200<\/td><\/tr><tr><td>E-ron<\/td><td>Han. Farbiar<\/td><td>5551<\/td><td>PF FD FSMP<\/td><td>\u0160imo J.<\/td><td>0905464603<\/td><\/tr><tr><td>Cyrano<\/td><td>Border Ter.<\/td><td>924<\/td><td>FS MP<\/td><td>Konopa J.<\/td><td><\/td><\/tr><tr><td>Fjodor<\/td><td>Jaz. Hrubo.<\/td><td>11903<\/td><td>FS MP<\/td><td>Mih\u00e1lik D.<\/td><td>0904288037<\/td><\/tr><\/tbody><\/table><\/figure>\n","protected":false},"excerpt":{"rendered":"<p>D\u00f4le\u017eitou skupinou v PZ \u010cachtice s\u00fa chovatelia a cvi\u010ditelia po\u013eovne upotrebite\u013en\u00fdch psov. Podmienkou pre v\u00fdkon pr\u00e1va po\u013eovn\u00edctva je predp\u00edsan\u00fd po\u010det a druhy po\u013eovne upotrebite\u013en\u00fdch psov, ktor\u00ed z\u00edskali certifik\u00e1t riadnymi sk\u00fa\u0161kami. Chovatelia ka\u017edoro\u010dne dost\u00e1vaj\u00fa z rozpo\u010dtu PZ finan\u010dn\u00fd pr\u00edspevok na chov a v\u00fdcvik psov. V PZ \u010cachtice s\u00fa k dispoz\u00edci\u00ed nasledovn\u00e9 psy: Meno po\u013eovn\u00e9ho psa Plemeno po\u013eovn\u00e9ho psa Identifika\u010dn\u00e9 \u010d\u00edslo psa Sk\u00fa\u0161ky upotrebite\u013enosti\/ pou\u017eite\u013enos\u0165 Meno a priezvisko dr\u017eite\u013ea psa Telef\u00f3nny kontakt na dr\u017eite\u013ea Dubo Jaz. Duri\u010d 3222 SD CSASD Mih\u00e1lik B. 0910339854 Tiran Fox. Terr. 2857 FSMP \u010cejtej P. 0903169754 Aran Jagterier 7521 BL Olach M. 0908147378 Isma Han. Farbiar 849 PF Bumb\u00e1l M. 0902902438 Aramis Slov. Kopov 15335 SD Jamrich E. 0903224661 Arwen \u0160tajer Duri\u010d 415\/1064 SD Bumb\u00e1l P. 0903303903 Ullan Slov. Kopov 15592 SD Hanic M. 0907279094 Aqua Fox. Terr. 2772 SD BL Halienka I. 0918362200 E-ron Han. Farbiar 5551 PF FD FSMP \u0160imo J. 0905464603 Cyrano Border Ter.&hellip;<\/p>\n<p> <a class=\"more-link\" href=\"https:\/\/pzcachtice.sk\/?page_id=142\">Read more<\/a><\/p>\n","protected":false},"author":1,"featured_media":0,"parent":0,"menu_order":0,"comment_status":"closed","ping_status":"closed","template":"","meta":{"footnotes":""},"class_list":["post-142","page","type-page","status-publish"],"_links":{"self":[{"href":"https:\/\/pzcachtice.sk\/index.php?rest_route=\/wp\/v2\/pages\/142","targetHints":{"allow":["GET"]}}],"collection":[{"href":"https:\/\/pzcachtice.sk\/index.php?rest_route=\/wp\/v2\/pages"}],"about":[{"href":"https:\/\/pzcachtice.sk\/index.php?rest_route=\/wp\/v2\/types\/page"}],"author":[{"embeddable":true,"href":"https:\/\/pzcachtice.sk\/index.php?rest_route=\/wp\/v2\/users\/1"}],"replies":[{"embeddable":true,"href":"https:\/\/pzcachtice.sk\/index.php?rest_route=%2Fwp%2Fv2%2Fcomments&post=142"}],"version-history":[{"count":2,"href":"https:\/\/pzcachtice.sk\/index.php?rest_route=\/wp\/v2\/pages\/142\/revisions"}],"predecessor-version":[{"id":144,"href":"https:\/\/pzcachtice.sk\/index.php?rest_route=\/wp\/v2\/pages\/142\/revisions\/144"}],"wp:attachment":[{"href":"https:\/\/pzcachtice.sk\/index.php?rest_route=%2Fwp%2Fv2%2Fmedia&parent=142"}],"curies":[{"name":"wp","href":"https:\/\/api.w.org\/{rel}","templated":true}]}}