{"id":252,"date":"2023-10-17T19:03:42","date_gmt":"2023-10-17T17:03:42","guid":{"rendered":"https:\/\/pzcachtice.sk\/?page_id=252"},"modified":"2023-10-17T19:03:43","modified_gmt":"2023-10-17T17:03:43","slug":"kontakt","status":"publish","type":"page","link":"https:\/\/pzcachtice.sk\/?page_id=252","title":{"rendered":"Kontakt"},"content":{"rendered":"\n<div class=\"wp-block-columns is-layout-flex wp-container-core-columns-is-layout-9d6595d7 wp-block-columns-is-layout-flex\">\n<div class=\"wp-block-column is-layout-flow wp-block-column-is-layout-flow\">\n<p><strong>Po\u013eovn\u00edcke zdru\u017eenie \u010cachtice<\/strong><br>916 21 \u010cachtice<br><strong>I\u010cO:<\/strong>\u00a035594241<br><strong>Bankov\u00e9 spojenie:<\/strong>\u00a0<br>V\u00daB a.s.,  Hviezdoslavova 19<br>915 01 Nov\u00e9 Mesto nad V\u00e1hom<br><strong>\u010c\u00edslo \u00fa\u010dtu:\u00a0<\/strong>1606164258\/0200<\/p>\n\n\n\n<p><strong>Predseda:<\/strong>\u00a0Mgr. Kraj\u010dovic Roman<br><strong>tel.:<\/strong>\u00a00905 645 441<br><strong>Adresa: <\/strong>\u017delezni\u010dn\u00e1 1147, 916 21 \u010cachtice<br><strong>email:<\/strong>\u00a0krajcovic.karavan@centrum.sk<\/p>\n\n\n\n<p><strong>Po\u013eovn\u00fd hospod\u00e1r:<\/strong> Hrabina Pavol<br><strong>tel.:<\/strong>\u00a00904 052 243, 032 7787072<br><strong>Adresa:<\/strong> Podz\u00e1mska 270, 916 21 \u010cachtice<\/p>\n\n\n\n<p><strong>Podpredseda:<\/strong> Mgr. Mih\u00e1lik Daniel<br><strong>tel.:\u00a0<\/strong>0904 288 037<br><strong>Adresa:\u00a0<\/strong>Slne\u010dn\u00e1 357, 916 21 \u010cachtice<\/p>\n\n\n\n<p><strong>Tajomn\u00edk:<\/strong> Bumb\u00e1l Patrik<br><strong>tel.:\u00a0<\/strong>0903 303 903<br><strong>Adresa:\u00a0<\/strong>Pionierska 417, 916 21 \u010cachtice<\/p>\n<\/div>\n\n\n\n<div class=\"wp-block-column is-layout-flow wp-block-column-is-layout-flow\">\n<iframe src=\"https:\/\/www.google.com\/maps\/embed?pb=!1m10!1m8!1m3!1d25317.95735826013!2d17.7945785!3d48.7233618!3m2!1i1024!2i768!4f13.1!5e1!3m2!1ssk!2s!4v1406831512445\" width=\"700\" height=\"600\" frameborder=\"0\" style=\"border:0\"><\/iframe>\n<\/div>\n<\/div>\n","protected":false},"excerpt":{"rendered":"<p>Po\u013eovn\u00edcke zdru\u017eenie \u010cachtice916 21 \u010cachticeI\u010cO:\u00a035594241Bankov\u00e9 spojenie:\u00a0V\u00daB a.s., Hviezdoslavova 19915 01 Nov\u00e9 Mesto nad V\u00e1hom\u010c\u00edslo \u00fa\u010dtu:\u00a01606164258\/0200 Predseda:\u00a0Mgr. Kraj\u010dovic Romantel.:\u00a00905 645 441Adresa: \u017delezni\u010dn\u00e1 1147, 916 21 \u010cachticeemail:\u00a0krajcovic.karavan@centrum.sk Po\u013eovn\u00fd hospod\u00e1r: Hrabina Pavoltel.:\u00a00904 052 243, 032 7787072Adresa: Podz\u00e1mska 270, 916 21 \u010cachtice Podpredseda: Mgr. Mih\u00e1lik Danieltel.:\u00a00904 288 037Adresa:\u00a0Slne\u010dn\u00e1 357, 916 21 \u010cachtice Tajomn\u00edk: Bumb\u00e1l Patriktel.:\u00a00903 303 903Adresa:\u00a0Pionierska 417, 916 21 \u010cachtice<\/p>\n","protected":false},"author":1,"featured_media":0,"parent":0,"menu_order":0,"comment_status":"closed","ping_status":"closed","template":"","meta":{"footnotes":""},"class_list":["post-252","page","type-page","status-publish"],"_links":{"self":[{"href":"https:\/\/pzcachtice.sk\/index.php?rest_route=\/wp\/v2\/pages\/252","targetHints":{"allow":["GET"]}}],"collection":[{"href":"https:\/\/pzcachtice.sk\/index.php?rest_route=\/wp\/v2\/pages"}],"about":[{"href":"https:\/\/pzcachtice.sk\/index.php?rest_route=\/wp\/v2\/types\/page"}],"author":[{"embeddable":true,"href":"https:\/\/pzcachtice.sk\/index.php?rest_route=\/wp\/v2\/users\/1"}],"replies":[{"embeddable":true,"href":"https:\/\/pzcachtice.sk\/index.php?rest_route=%2Fwp%2Fv2%2Fcomments&post=252"}],"version-history":[{"count":3,"href":"https:\/\/pzcachtice.sk\/index.php?rest_route=\/wp\/v2\/pages\/252\/revisions"}],"predecessor-version":[{"id":256,"href":"https:\/\/pzcachtice.sk\/index.php?rest_route=\/wp\/v2\/pages\/252\/revisions\/256"}],"wp:attachment":[{"href":"https:\/\/pzcachtice.sk\/index.php?rest_route=%2Fwp%2Fv2%2Fmedia&parent=252"}],"curies":[{"name":"wp","href":"https:\/\/api.w.org\/{rel}","templated":true}]}}