{"id":28,"date":"2023-10-16T18:57:52","date_gmt":"2023-10-16T16:57:52","guid":{"rendered":"https:\/\/pzcachtice.sk\/?page_id=28"},"modified":"2023-10-18T20:50:47","modified_gmt":"2023-10-18T18:50:47","slug":"skt-green","status":"publish","type":"page","link":"https:\/\/pzcachtice.sk\/","title":{"rendered":"Domov"},"content":{"rendered":"\t\t<div data-elementor-type=\"wp-page\" data-elementor-id=\"28\" class=\"elementor elementor-28\">\n\t\t\t\t\t\t<section class=\"elementor-section elementor-top-section elementor-element elementor-element-282d491a elementor-section-full_width elementor-section-height-min-height green-banner elementor-section-height-default elementor-section-items-middle\" data-id=\"282d491a\" data-element_type=\"section\" data-e-type=\"section\" data-settings=\"{&quot;background_background&quot;:&quot;classic&quot;}\">\n\t\t\t\t\t\t<div class=\"elementor-container elementor-column-gap-default\">\n\t\t\t\t\t<div class=\"elementor-column elementor-col-100 elementor-top-column elementor-element elementor-element-253ec710\" data-id=\"253ec710\" data-element_type=\"column\" data-e-type=\"column\">\n\t\t\t<div class=\"elementor-widget-wrap elementor-element-populated\">\n\t\t\t\t\t\t<section class=\"elementor-section elementor-inner-section elementor-element elementor-element-2b96f32a elementor-section-boxed elementor-section-height-default elementor-section-height-default\" data-id=\"2b96f32a\" data-element_type=\"section\" data-e-type=\"section\">\n\t\t\t\t\t\t<div class=\"elementor-container elementor-column-gap-default\">\n\t\t\t\t\t<div class=\"elementor-column elementor-col-100 elementor-inner-column elementor-element elementor-element-3408b35c\" data-id=\"3408b35c\" data-element_type=\"column\" data-e-type=\"column\">\n\t\t\t<div class=\"elementor-widget-wrap elementor-element-populated\">\n\t\t\t\t\t\t<div class=\"elementor-element elementor-element-9277e5f elementor-widget elementor-widget-heading\" data-id=\"9277e5f\" data-element_type=\"widget\" data-e-type=\"widget\" data-widget_type=\"heading.default\">\n\t\t\t\t<div class=\"elementor-widget-container\">\n\t\t\t\t\t<h2 class=\"elementor-heading-title elementor-size-default\">Po\u013eovn\u00edcke zdru\u017eenie<\/h2>\t\t\t\t<\/div>\n\t\t\t\t<\/div>\n\t\t\t\t<div class=\"elementor-element elementor-element-577f6ad3 elementor-widget elementor-widget-heading\" data-id=\"577f6ad3\" data-element_type=\"widget\" data-e-type=\"widget\" data-widget_type=\"heading.default\">\n\t\t\t\t<div class=\"elementor-widget-container\">\n\t\t\t\t\t<h2 class=\"elementor-heading-title elementor-size-xl\">\u010cachtice<\/h2>\t\t\t\t<\/div>\n\t\t\t\t<\/div>\n\t\t\t\t\t<\/div>\n\t\t<\/div>\n\t\t\t\t\t<\/div>\n\t\t<\/section>\n\t\t\t\t\t<\/div>\n\t\t<\/div>\n\t\t\t\t\t<\/div>\n\t\t<\/section>\n\t\t\t\t<section class=\"elementor-section elementor-top-section elementor-element elementor-element-32f64eeb elementor-section-boxed elementor-section-height-default elementor-section-height-default\" data-id=\"32f64eeb\" data-element_type=\"section\" data-e-type=\"section\" data-settings=\"{&quot;background_background&quot;:&quot;classic&quot;}\">\n\t\t\t\t\t\t\t<div class=\"elementor-background-overlay\"><\/div>\n\t\t\t\t\t\t\t<div class=\"elementor-container elementor-column-gap-default\">\n\t\t\t\t\t<div class=\"elementor-column elementor-col-100 elementor-top-column elementor-element elementor-element-4e087157\" data-id=\"4e087157\" data-element_type=\"column\" data-e-type=\"column\">\n\t\t\t<div class=\"elementor-widget-wrap elementor-element-populated\">\n\t\t\t\t\t\t<div class=\"elementor-element elementor-element-296f771 elementor-widget elementor-widget-heading\" data-id=\"296f771\" data-element_type=\"widget\" data-e-type=\"widget\" data-widget_type=\"heading.default\">\n\t\t\t\t<div class=\"elementor-widget-container\">\n\t\t\t\t\t<h2 class=\"elementor-heading-title elementor-size-default\">Vitajte na str\u00e1nkach po\u013eovn\u00edckeho zdru\u017eenia \u010cachtice<\/h2>\t\t\t\t<\/div>\n\t\t\t\t<\/div>\n\t\t\t\t<div class=\"elementor-element elementor-element-be3b661 people-working-content elementor-widget__width-initial elementor-widget-mobile__width-inherit elementor-widget elementor-widget-text-editor\" data-id=\"be3b661\" data-element_type=\"widget\" data-e-type=\"widget\" data-widget_type=\"text-editor.default\">\n\t\t\t\t<div class=\"elementor-widget-container\">\n\t\t\t\t\t\t\t\t\t<p>Po\u013eovn\u00edcke zdru\u017eenie \u201ePova\u017eie\u201c \u010cachtice bolo zalo\u017een\u00e9 na ustanovuj\u00facej sch\u00f4dzi d\u0148a 02.03.1975 zl\u00fa\u010den\u00edm Doln\u00e9ho po\u013eovn\u00edckeho spolku \u010cachtice a Po\u013eovn\u00edckeho spolku Pova\u017eany.<\/p>\t\t\t\t\t\t\t\t<\/div>\n\t\t\t\t<\/div>\n\t\t\t\t<div class=\"elementor-element elementor-element-915077b elementor-button-info elementor-align-center elementor-widget elementor-widget-button\" data-id=\"915077b\" data-element_type=\"widget\" data-e-type=\"widget\" data-widget_type=\"button.default\">\n\t\t\t\t<div class=\"elementor-widget-container\">\n\t\t\t\t\t\t\t\t\t<div class=\"elementor-button-wrapper\">\n\t\t\t\t\t<a class=\"elementor-button elementor-button-link elementor-size-md\" href=\"https:\/\/pzcachtice.sk\/?page_id=233\">\n\t\t\t\t\t\t<span class=\"elementor-button-content-wrapper\">\n\t\t\t\t\t\t\t\t\t<span class=\"elementor-button-text\">Viac inform\u00e1ci\u00ed z hist\u00f3rie<\/span>\n\t\t\t\t\t<\/span>\n\t\t\t\t\t<\/a>\n\t\t\t\t<\/div>\n\t\t\t\t\t\t\t\t<\/div>\n\t\t\t\t<\/div>\n\t\t\t\t<div class=\"elementor-element elementor-element-d0d56d0 elementor-widget elementor-widget-spacer\" data-id=\"d0d56d0\" data-element_type=\"widget\" data-e-type=\"widget\" data-widget_type=\"spacer.default\">\n\t\t\t\t<div class=\"elementor-widget-container\">\n\t\t\t\t\t\t\t<div class=\"elementor-spacer\">\n\t\t\t<div class=\"elementor-spacer-inner\"><\/div>\n\t\t<\/div>\n\t\t\t\t\t\t<\/div>\n\t\t\t\t<\/div>\n\t\t\t\t\t<\/div>\n\t\t<\/div>\n\t\t\t\t\t<\/div>\n\t\t<\/section>\n\t\t\t\t<section class=\"elementor-section elementor-top-section elementor-element elementor-element-3505ccc6 elementor-section-boxed elementor-section-height-default elementor-section-height-default\" data-id=\"3505ccc6\" data-element_type=\"section\" data-e-type=\"section\" data-settings=\"{&quot;background_background&quot;:&quot;classic&quot;}\">\n\t\t\t\t\t\t\t<div class=\"elementor-background-overlay\"><\/div>\n\t\t\t\t\t\t\t<div class=\"elementor-container elementor-column-gap-default\">\n\t\t\t\t\t<div class=\"elementor-column elementor-col-100 elementor-top-column elementor-element elementor-element-5dd780d5\" data-id=\"5dd780d5\" data-element_type=\"column\" data-e-type=\"column\">\n\t\t\t<div class=\"elementor-widget-wrap elementor-element-populated\">\n\t\t\t\t\t\t<section class=\"elementor-section elementor-inner-section elementor-element elementor-element-69eb9ced elementor-section-boxed elementor-section-height-default elementor-section-height-default\" data-id=\"69eb9ced\" data-element_type=\"section\" data-e-type=\"section\">\n\t\t\t\t\t\t<div class=\"elementor-container elementor-column-gap-default\">\n\t\t\t\t\t<div class=\"elementor-column elementor-col-66 elementor-inner-column elementor-element elementor-element-14490a63 animated-slow small-steps-section elementor-invisible\" data-id=\"14490a63\" data-element_type=\"column\" data-e-type=\"column\" data-settings=\"{&quot;animation&quot;:&quot;fadeInRight&quot;}\">\n\t\t\t<div class=\"elementor-widget-wrap elementor-element-populated\">\n\t\t\t\t\t\t<div class=\"elementor-element elementor-element-28ec3b28 elementor-widget elementor-widget-heading\" data-id=\"28ec3b28\" data-element_type=\"widget\" data-e-type=\"widget\" data-widget_type=\"heading.default\">\n\t\t\t\t<div class=\"elementor-widget-container\">\n\t\t\t\t\t<h2 class=\"elementor-heading-title elementor-size-default\">Po\u013eovn\u00fd rev\u00edr<\/h2>\t\t\t\t<\/div>\n\t\t\t\t<\/div>\n\t\t\t\t<div class=\"elementor-element elementor-element-1f823c97 elementor-widget-divider--view-line elementor-widget elementor-widget-divider\" data-id=\"1f823c97\" data-element_type=\"widget\" data-e-type=\"widget\" data-widget_type=\"divider.default\">\n\t\t\t\t<div class=\"elementor-widget-container\">\n\t\t\t\t\t\t\t<div class=\"elementor-divider\">\n\t\t\t<span class=\"elementor-divider-separator\">\n\t\t\t\t\t\t<\/span>\n\t\t<\/div>\n\t\t\t\t\t\t<\/div>\n\t\t\t\t<\/div>\n\t\t\t\t<div class=\"elementor-element elementor-element-2a2c1c4 elementor-widget elementor-widget-text-editor\" data-id=\"2a2c1c4\" data-element_type=\"widget\" data-e-type=\"widget\" data-widget_type=\"text-editor.default\">\n\t\t\t\t<div class=\"elementor-widget-container\">\n\t\t\t\t\t\t\t\t\t<div class=\"intro\"><strong>PZ \u010cachtice resp. jeho \u010dlenovia obhospodaruj\u00fa pozemky prenajat\u00e9 pre v\u00fdkon pr\u00e1va po\u013eovn\u00edctva prostredn\u00edctvom:<\/strong><\/div><ul class=\"rozdelenie\"><li>Zdru\u017eenia vlastn\u00edkov po\u013eovn\u00fdch pozemkov (ZVPP) katastr\u00e1lneho \u00fazemia \u010cachtice od vlastn\u00edkov po\u013eovn\u00fdch pozemkov. ZVPP je nez\u00e1visl\u00e9, dobrovo\u013en\u00e9, nepolitick\u00e9 zdru\u017eenie zalo\u017een\u00e9 za \u00fa\u010delom prenaj\u00edmania pozemkov v zmysle z\u00e1kona 99\/93 Zb. po\u013eovn\u00edckym zdru\u017eeniam.<\/li><li>Slovensk\u00e9ho pozemkov\u00e9ho fondu<\/li><li>Lesov SR \u0161.p. Bansk\u00e1 Bystrica<\/li><\/ul>\t\t\t\t\t\t\t\t<\/div>\n\t\t\t\t<\/div>\n\t\t\t\t\t<\/div>\n\t\t<\/div>\n\t\t\t\t<div class=\"elementor-column elementor-col-33 elementor-inner-column elementor-element elementor-element-7103ea78 animated-slow elementor-invisible\" data-id=\"7103ea78\" data-element_type=\"column\" data-e-type=\"column\" data-settings=\"{&quot;animation&quot;:&quot;fadeInLeft&quot;}\">\n\t\t\t<div class=\"elementor-widget-wrap elementor-element-populated\">\n\t\t\t\t\t\t<div class=\"elementor-element elementor-element-13d314f elementor-widget elementor-widget-heading\" data-id=\"13d314f\" data-element_type=\"widget\" data-e-type=\"widget\" data-widget_type=\"heading.default\">\n\t\t\t\t<div class=\"elementor-widget-container\">\n\t\t\t\t\t<p class=\"elementor-heading-title elementor-size-default\">Aktu\u00e1lne hranice po\u013eovn\u00e9ho rev\u00edru<\/p>\t\t\t\t<\/div>\n\t\t\t\t<\/div>\n\t\t\t\t<div class=\"elementor-element elementor-element-0e2a5bd elementor-widget elementor-widget-image\" data-id=\"0e2a5bd\" data-element_type=\"widget\" data-e-type=\"widget\" data-widget_type=\"image.default\">\n\t\t\t\t<div class=\"elementor-widget-container\">\n\t\t\t\t\t\t\t\t\t\t\t\t\t\t\t\t<a href=\"https:\/\/pzcachtice.sk\/wp-content\/uploads\/2023\/10\/polovny-revir-aktual_small.jpg\" data-elementor-open-lightbox=\"yes\" data-elementor-lightbox-title=\"polovny-revir-aktual_small\" data-e-action-hash=\"#elementor-action%3Aaction%3Dlightbox%26settings%3DeyJpZCI6NzUsInVybCI6Imh0dHBzOlwvXC9wemNhY2h0aWNlLnNrXC93cC1jb250ZW50XC91cGxvYWRzXC8yMDIzXC8xMFwvcG9sb3ZueS1yZXZpci1ha3R1YWxfc21hbGwuanBnIn0%3D\">\n\t\t\t\t\t\t\t<img fetchpriority=\"high\" decoding=\"async\" width=\"248\" height=\"300\" src=\"https:\/\/pzcachtice.sk\/wp-content\/uploads\/2023\/10\/polovny-revir-aktual_small-248x300.jpg\" class=\"attachment-medium size-medium wp-image-75\" alt=\"\" srcset=\"https:\/\/pzcachtice.sk\/wp-content\/uploads\/2023\/10\/polovny-revir-aktual_small-248x300.jpg 248w, https:\/\/pzcachtice.sk\/wp-content\/uploads\/2023\/10\/polovny-revir-aktual_small.jpg 400w\" sizes=\"(max-width: 248px) 100vw, 248px\" \/>\t\t\t\t\t\t\t\t<\/a>\n\t\t\t\t\t\t\t\t\t\t\t\t\t\t\t<\/div>\n\t\t\t\t<\/div>\n\t\t\t\t\t<\/div>\n\t\t<\/div>\n\t\t\t\t\t<\/div>\n\t\t<\/section>\n\t\t\t\t<div class=\"elementor-element elementor-element-97a92da elementor-widget elementor-widget-spacer\" data-id=\"97a92da\" data-element_type=\"widget\" data-e-type=\"widget\" data-widget_type=\"spacer.default\">\n\t\t\t\t<div class=\"elementor-widget-container\">\n\t\t\t\t\t\t\t<div class=\"elementor-spacer\">\n\t\t\t<div class=\"elementor-spacer-inner\"><\/div>\n\t\t<\/div>\n\t\t\t\t\t\t<\/div>\n\t\t\t\t<\/div>\n\t\t\t\t\t<\/div>\n\t\t<\/div>\n\t\t\t\t\t<\/div>\n\t\t<\/section>\n\t\t\t\t<section class=\"elementor-section elementor-top-section elementor-element elementor-element-3ab16088 we-offer elementor-section-boxed elementor-section-height-default elementor-section-height-default\" data-id=\"3ab16088\" data-element_type=\"section\" data-e-type=\"section\" data-settings=\"{&quot;background_background&quot;:&quot;classic&quot;}\">\n\t\t\t\t\t\t\t<div class=\"elementor-background-overlay\"><\/div>\n\t\t\t\t\t\t\t<div class=\"elementor-container elementor-column-gap-default\">\n\t\t\t\t\t<div class=\"elementor-column elementor-col-100 elementor-top-column elementor-element elementor-element-6633324\" data-id=\"6633324\" data-element_type=\"column\" data-e-type=\"column\">\n\t\t\t<div class=\"elementor-widget-wrap elementor-element-populated\">\n\t\t\t\t\t\t<div class=\"elementor-element elementor-element-14ecaded elementor-widget elementor-widget-heading\" data-id=\"14ecaded\" data-element_type=\"widget\" data-e-type=\"widget\" data-widget_type=\"heading.default\">\n\t\t\t\t<div class=\"elementor-widget-container\">\n\t\t\t\t\t<h2 class=\"elementor-heading-title elementor-size-default\">\u010clenenie po\u013eovn\u00e9ho rev\u00edru \u010cachtice pod\u013ea druhov pozemkov<\/h2>\t\t\t\t<\/div>\n\t\t\t\t<\/div>\n\t\t\t\t<div class=\"elementor-element elementor-element-35e2da48 elementor-widget-divider--view-line elementor-widget elementor-widget-divider\" data-id=\"35e2da48\" data-element_type=\"widget\" data-e-type=\"widget\" data-widget_type=\"divider.default\">\n\t\t\t\t<div class=\"elementor-widget-container\">\n\t\t\t\t\t\t\t<div class=\"elementor-divider\">\n\t\t\t<span class=\"elementor-divider-separator\">\n\t\t\t\t\t\t<\/span>\n\t\t<\/div>\n\t\t\t\t\t\t<\/div>\n\t\t\t\t<\/div>\n\t\t\t\t<section class=\"elementor-section elementor-inner-section elementor-element elementor-element-33c19860 elementor-section-boxed elementor-section-height-default elementor-section-height-default\" data-id=\"33c19860\" data-element_type=\"section\" data-e-type=\"section\">\n\t\t\t\t\t\t<div class=\"elementor-container elementor-column-gap-default\">\n\t\t\t\t\t<div class=\"elementor-column elementor-col-100 elementor-inner-column elementor-element elementor-element-690e410d\" data-id=\"690e410d\" data-element_type=\"column\" data-e-type=\"column\">\n\t\t\t<div class=\"elementor-widget-wrap elementor-element-populated\">\n\t\t\t\t\t\t<div class=\"elementor-element elementor-element-49a3c15c elementor-position-left elementor-widget__width-initial elementor-widget-tablet__width-initial elementor-widget-mobile__width-inherit animated-slow elementor-vertical-align-top elementor-invisible elementor-widget elementor-widget-image-box\" data-id=\"49a3c15c\" data-element_type=\"widget\" data-e-type=\"widget\" data-settings=\"{&quot;_animation&quot;:&quot;fadeInDown&quot;}\" data-widget_type=\"image-box.default\">\n\t\t\t\t<div class=\"elementor-widget-container\">\n\t\t\t\t\t<div class=\"elementor-image-box-wrapper\"><figure class=\"elementor-image-box-img\"><img decoding=\"async\" width=\"150\" height=\"150\" src=\"https:\/\/pzcachtice.sk\/wp-content\/uploads\/2023\/10\/orna_poda.png\" class=\"attachment-full size-full wp-image-66\" alt=\"\" \/><\/figure><div class=\"elementor-image-box-content\"><h3 class=\"elementor-image-box-title\">Orn\u00e1 p\u00f4da<\/h3><p class=\"elementor-image-box-description\">1452,37 ha<\/p><\/div><\/div>\t\t\t\t<\/div>\n\t\t\t\t<\/div>\n\t\t\t\t<div class=\"elementor-element elementor-element-561a838d elementor-position-left elementor-widget__width-initial elementor-widget-tablet__width-initial elementor-widget-mobile__width-inherit animated-slow elementor-vertical-align-top elementor-invisible elementor-widget elementor-widget-image-box\" data-id=\"561a838d\" data-element_type=\"widget\" data-e-type=\"widget\" data-settings=\"{&quot;_animation&quot;:&quot;fadeInDown&quot;,&quot;_animation_delay&quot;:250}\" data-widget_type=\"image-box.default\">\n\t\t\t\t<div class=\"elementor-widget-container\">\n\t\t\t\t\t<div class=\"elementor-image-box-wrapper\"><figure class=\"elementor-image-box-img\"><img decoding=\"async\" width=\"150\" height=\"150\" src=\"https:\/\/pzcachtice.sk\/wp-content\/uploads\/2023\/10\/les2.png\" class=\"attachment-full size-full wp-image-65\" alt=\"\" \/><\/figure><div class=\"elementor-image-box-content\"><h3 class=\"elementor-image-box-title\">Lesn\u00e1 p\u00f4da<\/h3><p class=\"elementor-image-box-description\">990,62 ha<\/p><\/div><\/div>\t\t\t\t<\/div>\n\t\t\t\t<\/div>\n\t\t\t\t<div class=\"elementor-element elementor-element-599b5440 elementor-position-left elementor-widget__width-initial elementor-widget-tablet__width-initial elementor-widget-mobile__width-inherit animated-slow elementor-vertical-align-top elementor-invisible elementor-widget elementor-widget-image-box\" data-id=\"599b5440\" data-element_type=\"widget\" data-e-type=\"widget\" data-settings=\"{&quot;_animation&quot;:&quot;fadeInDown&quot;,&quot;_animation_delay&quot;:500}\" data-widget_type=\"image-box.default\">\n\t\t\t\t<div class=\"elementor-widget-container\">\n\t\t\t\t\t<div class=\"elementor-image-box-wrapper\"><figure class=\"elementor-image-box-img\"><img loading=\"lazy\" decoding=\"async\" width=\"150\" height=\"150\" src=\"https:\/\/pzcachtice.sk\/wp-content\/uploads\/2023\/10\/luka_pasienky.png\" class=\"attachment-full size-full wp-image-67\" alt=\"\" \/><\/figure><div class=\"elementor-image-box-content\"><h3 class=\"elementor-image-box-title\">L\u00faky a pasienky<\/h3><p class=\"elementor-image-box-description\">17,06 ha<\/p><\/div><\/div>\t\t\t\t<\/div>\n\t\t\t\t<\/div>\n\t\t\t\t<div class=\"elementor-element elementor-element-33065bae elementor-position-left elementor-widget__width-initial elementor-widget-tablet__width-initial elementor-widget-mobile__width-inherit animated-slow elementor-vertical-align-top elementor-invisible elementor-widget elementor-widget-image-box\" data-id=\"33065bae\" data-element_type=\"widget\" data-e-type=\"widget\" data-settings=\"{&quot;_animation&quot;:&quot;fadeInDown&quot;}\" data-widget_type=\"image-box.default\">\n\t\t\t\t<div class=\"elementor-widget-container\">\n\t\t\t\t\t<div class=\"elementor-image-box-wrapper\"><figure class=\"elementor-image-box-img\"><img loading=\"lazy\" decoding=\"async\" width=\"150\" height=\"150\" src=\"https:\/\/pzcachtice.sk\/wp-content\/uploads\/2023\/10\/voda.png\" class=\"attachment-full size-full wp-image-68\" alt=\"\" \/><\/figure><div class=\"elementor-image-box-content\"><h3 class=\"elementor-image-box-title\">Vodn\u00e9 plochy<\/h3><p class=\"elementor-image-box-description\">23,21 ha<\/p><\/div><\/div>\t\t\t\t<\/div>\n\t\t\t\t<\/div>\n\t\t\t\t<div class=\"elementor-element elementor-element-6fd49eac elementor-position-left elementor-widget__width-initial elementor-widget-tablet__width-initial elementor-widget-mobile__width-inherit animated-slow elementor-vertical-align-top elementor-invisible elementor-widget elementor-widget-image-box\" data-id=\"6fd49eac\" data-element_type=\"widget\" data-e-type=\"widget\" data-settings=\"{&quot;_animation&quot;:&quot;fadeInDown&quot;,&quot;_animation_delay&quot;:250}\" data-widget_type=\"image-box.default\">\n\t\t\t\t<div class=\"elementor-widget-container\">\n\t\t\t\t\t<div class=\"elementor-image-box-wrapper\"><figure class=\"elementor-image-box-img\"><img loading=\"lazy\" decoding=\"async\" width=\"150\" height=\"150\" src=\"https:\/\/pzcachtice.sk\/wp-content\/uploads\/2023\/10\/ine.png\" class=\"attachment-full size-full wp-image-69\" alt=\"\" \/><\/figure><div class=\"elementor-image-box-content\"><h3 class=\"elementor-image-box-title\">In\u00e9 pozemky<\/h3><p class=\"elementor-image-box-description\">137,11 ha<\/p><\/div><\/div>\t\t\t\t<\/div>\n\t\t\t\t<\/div>\n\t\t\t\t<div class=\"elementor-element elementor-element-760bf55e elementor-position-left elementor-widget__width-initial elementor-widget-tablet__width-initial elementor-widget-mobile__width-inherit animated-slow elementor-vertical-align-top elementor-invisible elementor-widget elementor-widget-image-box\" data-id=\"760bf55e\" data-element_type=\"widget\" data-e-type=\"widget\" data-settings=\"{&quot;_animation&quot;:&quot;fadeInDown&quot;,&quot;_animation_delay&quot;:500}\" data-widget_type=\"image-box.default\">\n\t\t\t\t<div class=\"elementor-widget-container\">\n\t\t\t\t\t<div class=\"elementor-image-box-wrapper\"><figure class=\"elementor-image-box-img\"><img loading=\"lazy\" decoding=\"async\" width=\"150\" height=\"150\" src=\"https:\/\/pzcachtice.sk\/wp-content\/uploads\/2023\/10\/spolu.png\" class=\"attachment-full size-full wp-image-70\" alt=\"\" \/><\/figure><div class=\"elementor-image-box-content\"><h3 class=\"elementor-image-box-title\">Spolu<\/h3><p class=\"elementor-image-box-description\">2620,37 ha<\/p><\/div><\/div>\t\t\t\t<\/div>\n\t\t\t\t<\/div>\n\t\t\t\t\t<\/div>\n\t\t<\/div>\n\t\t\t\t\t<\/div>\n\t\t<\/section>\n\t\t\t\t\t<\/div>\n\t\t<\/div>\n\t\t\t\t\t<\/div>\n\t\t<\/section>\n\t\t\t\t<\/div>\n\t\t","protected":false},"excerpt":{"rendered":"<p>Po\u013eovn\u00edcke zdru\u017eenie \u010cachtice Vitajte na str\u00e1nkach po\u013eovn\u00edckeho zdru\u017eenia \u010cachtice Po\u013eovn\u00edcke zdru\u017eenie \u201ePova\u017eie\u201c \u010cachtice bolo zalo\u017een\u00e9 na ustanovuj\u00facej sch\u00f4dzi d\u0148a 02.03.1975 zl\u00fa\u010den\u00edm Doln\u00e9ho po\u013eovn\u00edckeho spolku \u010cachtice a Po\u013eovn\u00edckeho spolku Pova\u017eany. Viac inform\u00e1ci\u00ed z hist\u00f3rie Po\u013eovn\u00fd rev\u00edr PZ \u010cachtice resp. jeho \u010dlenovia obhospodaruj\u00fa pozemky prenajat\u00e9 pre v\u00fdkon pr\u00e1va po\u013eovn\u00edctva prostredn\u00edctvom: Zdru\u017eenia vlastn\u00edkov po\u013eovn\u00fdch pozemkov (ZVPP) katastr\u00e1lneho \u00fazemia \u010cachtice od vlastn\u00edkov po\u013eovn\u00fdch pozemkov. ZVPP je nez\u00e1visl\u00e9, dobrovo\u013en\u00e9, nepolitick\u00e9 zdru\u017eenie zalo\u017een\u00e9 za \u00fa\u010delom prenaj\u00edmania pozemkov v zmysle z\u00e1kona 99\/93 Zb. po\u013eovn\u00edckym zdru\u017eeniam. Slovensk\u00e9ho pozemkov\u00e9ho fondu Lesov SR \u0161.p. Bansk\u00e1 Bystrica Aktu\u00e1lne hranice po\u013eovn\u00e9ho rev\u00edru \u010clenenie po\u013eovn\u00e9ho rev\u00edru \u010cachtice pod\u013ea druhov pozemkov Orn\u00e1 p\u00f4da 1452,37 ha Lesn\u00e1 p\u00f4da 990,62 ha L\u00faky a pasienky 17,06 ha Vodn\u00e9 plochy 23,21 ha In\u00e9 pozemky 137,11 ha Spolu 2620,37 ha<\/p>\n","protected":false},"author":1,"featured_media":0,"parent":0,"menu_order":0,"comment_status":"closed","ping_status":"closed","template":"templates\/builder-fullwidth-std.php","meta":{"footnotes":""},"class_list":["post-28","page","type-page","status-publish"],"_links":{"self":[{"href":"https:\/\/pzcachtice.sk\/index.php?rest_route=\/wp\/v2\/pages\/28","targetHints":{"allow":["GET"]}}],"collection":[{"href":"https:\/\/pzcachtice.sk\/index.php?rest_route=\/wp\/v2\/pages"}],"about":[{"href":"https:\/\/pzcachtice.sk\/index.php?rest_route=\/wp\/v2\/types\/page"}],"author":[{"embeddable":true,"href":"https:\/\/pzcachtice.sk\/index.php?rest_route=\/wp\/v2\/users\/1"}],"replies":[{"embeddable":true,"href":"https:\/\/pzcachtice.sk\/index.php?rest_route=%2Fwp%2Fv2%2Fcomments&post=28"}],"version-history":[{"count":7,"href":"https:\/\/pzcachtice.sk\/index.php?rest_route=\/wp\/v2\/pages\/28\/revisions"}],"predecessor-version":[{"id":419,"href":"https:\/\/pzcachtice.sk\/index.php?rest_route=\/wp\/v2\/pages\/28\/revisions\/419"}],"wp:attachment":[{"href":"https:\/\/pzcachtice.sk\/index.php?rest_route=%2Fwp%2Fv2%2Fmedia&parent=28"}],"curies":[{"name":"wp","href":"https:\/\/api.w.org\/{rel}","templated":true}]}}